{"id":1235,"date":"2020-10-01T11:28:38","date_gmt":"2020-10-01T09:28:38","guid":{"rendered":"https:\/\/dorispolska.pl\/polityka-prywatnosci-i-pliki-cookies\/"},"modified":"2022-08-17T12:48:32","modified_gmt":"2022-08-17T10:48:32","slug":"privacy-policy-and-cookies","status":"publish","type":"page","link":"https:\/\/dorispolska.pl\/en\/privacy-policy-and-cookies\/","title":{"rendered":"Privacy policy and cookies"},"content":{"rendered":"<div class=\"fusion-fullwidth fullwidth-box fusion-builder-row-1 nonhundred-percent-fullwidth non-hundred-percent-height-scrolling\"  style='background-color: rgba(255,255,255,0);background-position: center center;background-repeat: no-repeat;padding-top:0px;padding-right:0px;padding-bottom:0px;padding-left:0px;'><div class=\"fusion-builder-row fusion-row \"><div  class=\"fusion-layout-column fusion_builder_column fusion_builder_column_1_1 fusion-builder-column-0 fusion-one-full fusion-column-first fusion-column-last 1_1\"  style='margin-top:0px;margin-bottom:20px;'><div class=\"fusion-column-wrapper\" style=\"padding: 0px 0px 0px 0px;background-position:left top;background-repeat:no-repeat;-webkit-background-size:cover;-moz-background-size:cover;-o-background-size:cover;background-size:cover;\"   data-bg-url=\"\"><style type=\"text\/css\"><\/style><div class=\"fusion-title title fusion-title-1 fusion-sep-none fusion-title-center fusion-title-text fusion-title-size-two text-upper\" style=\"font-size:45px;margin-top:0px;margin-bottom:30px;\"><h2 class=\"title-heading-center\" style=\"margin:0;font-size:1em;\">Privacy policy and cookies<\/h2><\/div><div class=\"fusion-text\"><p><b>Postanowienia Og\u00f3lne<\/b><\/p>\n<p>1. Administratorem Danych jest Zbigniew Z\u0105becki Zak\u0142ad Produkcyjno-Handlowy \u201eDORIS\u201d z siedzib\u0105 w: M\u0142awie, ul. Napoleo\u0144ska 74B, 06-500 M\u0142awa, wpisanego do CEIDG pod numerem NIP: 5691270749.<\/p>\n<p>2. Ochrona danych odbywa si\u0119 zgodnie z zachowaniem powszechnie obowi\u0105zuj\u0105cych przepis\u00f3w prawa, a ich przechowywanie odbywa si\u0119 na zabezpieczonych serwerach.<\/p>\n<p>3. Dla interpretacji termin\u00f3w stosuje si\u0119 tak jak zosta\u0142o to opisane w Polityce Prywatno\u015bci.<\/p>\n<p>4. Na potrzeby lepszego odbioru Polityki Prywatno\u015bci termin \u201eU\u017cytkownik\u201d zast\u0105piony zosta\u0142 okre\u015bleniem \u201eTy\u201d, \u201eAdministrator\u201d okre\u015bleniem \u2013 \u201eMy\u201d.<\/p>\n<p>5. Termin \u201eRODO\u201d oznacza Rozporz\u0105dzenie Parlamentu Europejskiego i Rady (UE) 2016\/679 z dnia 27 kwietnia 2016 r. w sprawie ochrony os\u00f3b fizycznych w zwi\u0105zku z przetwarzaniem danych osobowych i w sprawie swobodnego przep\u0142ywu takich danych oraz uchylenia dyrektywy 95\/46\/WE.<\/p>\n<p>6. Dbamy o bezpiecze\u0144stwo danych i szanujemy polityk\u0119 prywatno\u015bci. W tym celu u\u017cywany jest m.in. bezpieczny protok\u00f3\u0142 szyfrowania komunikacji (SSL).<\/p>\n<p>7. Dane osobowe podawane w formularzach zapytania, formularzach zam\u00f3wienia, formularzach kontaktowych, polach kontaktowych na stronie www s\u0105 traktowane jako poufne i pozostaj\u0105 niewidoczne dla os\u00f3b nieuprawnionych.<\/p>\n<p><b>Administrator Danych<\/b><\/p>\n<p>1. Us\u0142ugodawca jest Administratorem Danych swoich klient\u00f3w. Je\u015bli posiadasz Konto na naszej stronie, zarejestrowa\u0142e\u015b si\u0119 do newslettera lub\/i wyrazi\u0142e\u015b nieobowi\u0105zkowe zgody widoczne podczas podawania Twoich danych, to przetwarzamy Twoje dane jak: imi\u0119, nazwisko, adres e-mail, numer telefonu, stanowisko, miejsce pracy, adres IP, adres fizyczny (kod pocztowy, miasto, nazwa ulicy), dane identyfikacyjne Twojej dzia\u0142alno\u015bci\/firmy\/przedsi\u0119biorstwa\/jednostki organizacyjnej.<\/p>\n<p>2. Us\u0142ugodawca jest r\u00f3wnie\u017c Administratorem Danych os\u00f3b zapisanych przez formularz kontaktowy.<\/p>\n<p>3. Dane osobowe przetwarzane s\u0105: a) z zachowaniem przepis\u00f3w dotycz\u0105cych ochrony danych osobowych; b) zgodnie z wdro\u017con\u0105 Polityk\u0105 Prywatno\u015bci; c) w zakresie i celu niezb\u0119dnym do nawi\u0105zania, ukszta\u0142towania tre\u015bci Umowy, zmiany b\u0105d\u017a jej rozwi\u0105zania oraz prawid\u0142owej realizacji Us\u0142ug, sprzeda\u017cy Produkt\u00f3w, \u015bwiadczonych drog\u0105 elektroniczn\u0105; d) w zakresie i celu niezb\u0119dnym do wype\u0142nienia uzasadnionych interes\u00f3w (prawnie usprawiedliwionych cel\u00f3w), a przetwarzanie nie narusza praw i wolno\u015bci osoby, kt\u00f3rej dane dotycz\u0105.<\/p>\n<p>4. Ka\u017cda osoba, kt\u00f3rej dane dotycz\u0105 (je\u017celi jeste\u015bmy ich Administratorem Danych) ma prawo do dost\u0119pu do danych, sprostowania, usuni\u0119cia lub ograniczenia przetwarzania, prawo sprzeciwu, prawo wniesienia skargi do organu nadzorczego.<\/p>\n<p>5. Kontakt z osob\u0105 nadzoruj\u0105c\u0105 przetwarzanie danych osobowych w organizacji Us\u0142ugodawcy jest mo\u017cliwy drog\u0105 elektroniczn\u0105 pod adresem e-mail: biuro@dorispolska.pl.<\/p>\n<p>6. Zastrzegamy sobie prawo do przetwarzania Twoich danych po rozwi\u0105zaniu Umowy lub cofni\u0119ciu zgody tylko w zakresie na potrzeby dochodzenia ewentualnych roszcze\u0144 przed s\u0105dem lub je\u017celi przepisy krajowe albo unijne b\u0105d\u017a prawa mi\u0119dzynarodowego obliguj\u0105 nas do retencji danych.<\/p>\n<p>7. Us\u0142ugodawca ma prawo udost\u0119pnia\u0107 dane osobowe U\u017cytkownika oraz innych jego danych podmiotom upowa\u017cnionym na podstawie w\u0142a\u015bciwych przepis\u00f3w prawa (np. organom \u015bcigania).<\/p>\n<p>8. Usuni\u0119cie danych osobowych mo\u017ce nast\u0105pi\u0107 na skutek cofni\u0119cia zgody b\u0105d\u017a wniesienia prawnie dopuszczalnego sprzeciwu na przetwarzanie danych osobowych.<\/p>\n<p>9. Us\u0142ugodawca nie udost\u0119pnia danych osobowych innym podmiotom ani\u017celi upowa\u017cnionym na podstawie w\u0142a\u015bciwych przepis\u00f3w prawa.<\/p>\n<p>10. Dane osobowe przetwarzaj\u0105 osoby wy\u0142\u0105cznie upowa\u017cnione przez nas albo przetwarzaj\u0105cy, z kt\u00f3rymi \u015bci\u015ble wsp\u00f3\u0142pracujemy i kt\u00f3rzy, tak samo jak My, stosuj\u0105 si\u0119 do przepis\u00f3w oraz wymog\u00f3w ochrony danych osobowych.<\/p>\n<p><b>Pliki Cookies<\/b><\/p>\n<p>1. Witryna www.dorispolska.pl u\u017cywa Plik\u00f3w Cookies. S\u0105 to niewielkie pliki tekstowe wysy\u0142ane przez serwer www i przechowywane przez oprogramowanie komputera przegl\u0105darki. Kiedy przegl\u0105darka ponownie po\u0142\u0105czy si\u0119 ze stron\u0105, witryna rozpoznaje rodzaj urz\u0105dzenia, z kt\u00f3rego \u0142\u0105czy si\u0119 u\u017cytkownik. Parametry pozwalaj\u0105 na odczytanie informacji w nich zawartych jedynie serwerowi, kt\u00f3ry je utworzy\u0142. Cookies u\u0142atwiaj\u0105 wi\u0119c korzystanie z wcze\u015bniej odwiedzonych witryn.<\/p>\n<p>2. Gromadzone informacje dotycz\u0105 adresu IP, typu wykorzystywanej przegl\u0105darki, j\u0119zyka, rodzaju systemu operacyjnego, dostawcy us\u0142ug internetowych, informacji o czasie i dacie, lokalizacji oraz informacji przesy\u0142anych do witryny za po\u015brednictwem formularza kontaktowego.<\/p>\n<p>3. Zebrane dane wykorzystywane s\u0105 do monitorowania i sprawdzenia, w jaki spos\u00f3b u\u017cytkownicy korzystaj\u0105 z naszych stron www, aby usprawnia\u0107 funkcjonowanie serwisu zapewniaj\u0105c bardziej efektywn\u0105 i bezproblemow\u0105 nawigacj\u0119. Monitorowania informacji o u\u017cytkownikach dokonujemy korzystaj\u0105c z narz\u0119dzia Google Analytics, kt\u00f3re rejestruje zachowanie u\u017cytkownik\u00f3w w witrynie. Cookies identyfikuje u\u017cytkownika, dzi\u0119ki czemu dopasowywane s\u0105 tre\u015bci witryny, z kt\u00f3rej korzysta, do potrzeb u\u017cytkownika. Dzi\u0119ki zapami\u0119taniu jego preferencji, umo\u017cliwione s\u0105 odpowiednie dopasowania skierowanych do niego reklam i przekaz\u00f3w marketingowych. Stosujemy Pliki Cookies, aby zagwarantowa\u0107 wysoki poziom wygody naszego serwisu, a zebrane dane s\u0105 wykorzystywane jedynie wewn\u0105trz firmy Zbigniew Z\u0105becki Zak\u0142ad Produkcyjno-Handlowy \u201eDORIS\u201d w celu optymalizacji dzia\u0142a\u0144.<\/p>\n<p>4. Na naszej witrynie wykorzystywane s\u0105 nast\u0119puj\u0105ce typy Plik\u00f3w Cookies: a) \u201eniezb\u0119dne\u201d Pliki Cookies, umo\u017cliwiaj\u0105ce korzystanie z us\u0142ug dost\u0119pnych w ramach serwisu, np. uwierzytelniaj\u0105ce Pliki Cookies wykorzystywane do us\u0142ug wymagaj\u0105cych uwierzytelniania w ramach serwisu; b) Pliki Cookies s\u0142u\u017c\u0105ce do zapewnienia bezpiecze\u0144stwa, np. wykorzystywane do wykrywania nadu\u017cy\u0107 w zakresie uwierzytelniania w ramach serwisu; c) \u201ewydajno\u015bciowe\u201d Pliki Cookies, umo\u017cliwiaj\u0105ce zbieranie informacji o sposobie korzystania ze stron internetowych serwisu; d) \u201efunkcjonalne\u201d Pliki Cookies, umo\u017cliwiaj\u0105ce \u201ezapami\u0119tanie\u201d wybranych przez u\u017cytkownika ustawie\u0144 i personalizacj\u0119 interfejsu u\u017cytkownika, np. w zakresie wybranego j\u0119zyka lub regionu, z kt\u00f3rego pochodzi u\u017cytkownik, rozmiaru czcionki, wygl\u0105du strony internetowej itp.; e) \u201ereklamowe\u201d Pliki Cookies, umo\u017cliwiaj\u0105ce dostarczanie u\u017cytkownikom tre\u015bci reklamowych bardziej dostosowanych do ich zainteresowa\u0144 (remarketing w wyszukiwarkach, w sieci reklamowej Google (GDN), remarketing z wykorzystanie, technologii pixel kod\u00f3w na Facebook\u2019u, inne sieci reklamowe).<\/p>\n<p>5. U\u017cytkownik w ka\u017cdej chwili ma mo\u017cliwo\u015b\u0107 wy\u0142\u0105czenia lub przywr\u00f3cenia opcji gromadzenia Plik\u00f3w Cookies poprzez zmian\u0119 ustawie\u0144 w przegl\u0105darce internetowej. Instrukcja zarz\u0105dzania Plikami Cookies jest dost\u0119pna na stronach:<\/p>\n<p><a href=\"http:\/\/www.allaboutcookies.org\/manage-cookies\/\">http:\/\/www.allaboutcookies.org\/manage-cookies\/<\/a><\/p>\n<p><a href=\"https:\/\/support.google.com\/chrome\/answer\/95647?co=GENIE.Platform%3DDesktop&amp;hl=pl\">https:\/\/support.google.com\/chrome\/answer\/95647?co=GENIE.Platform%3DDesktop&amp;hl=pl<\/a><\/p>\n<p><a href=\"https:\/\/www.facebook.com\/login.php?next=https%3A%2F%2Fpl-pl.facebook.com%2Fads%2Fpreferences\">https:\/\/www.facebook.com\/login.php?next=https%3A%2F%2Fpl-pl.facebook.com%2Fads%2Fpreferences<\/a><\/p>\n<p><a href=\"https:\/\/www.facebook.com\/login.php?next=https%3A%2F%2Fwww.facebook.com%2Fads%2Fpreferences%2F%3Fentry_product%3Dad_settings_screen\">https:\/\/www.facebook.com\/login.php?next=https%3A%2F%2Fwww.facebook.com%2Fads%2Fpreferences%2F%3Fentry_product%3Dad_settings_screen<\/a><\/p>\n<p>Dodatkowe dane osobowe, jak np. adres e-mail, zbierane s\u0105 jedynie w miejscach, w kt\u00f3rych u\u017cytkownik wype\u0142niaj\u0105c formularz wyra\u017anie wyrazi\u0142 na to zgod\u0119. Powy\u017csze dane zachowujemy i wykorzystujemy tylko do potrzeb niezb\u0119dnych do wykonania danej funkcji.<\/p>\n<p>6. Wi\u0119cej o Plikach Cookies mo\u017cesz przeczyta\u0107 tutaj: <a href=\"https:\/\/pl.wikipedia.org\/wiki\/HTTP_cookie\">https:\/\/pl.wikipedia.org\/wiki\/HTTP_cookie<\/a><\/p>\n<p><b>Wy\u0142\u0105czenie odpowiedzialno\u015bci<\/b><\/p>\n<p>1. www.dorispolska.pl oraz jego redakcja nie bierze na siebie odpowiedzialno\u015bci za zamieszczone reklamy. Kupuj\u0105cy powinien by\u0107 ostro\u017cny odpowiadaj\u0105c na reklam\u0119, b\u0105d\u017a wysy\u0142aj\u0105c pieni\u0105dze. Wprawdzie przyk\u0142adamy spor\u0105 wag\u0119 do tego, aby reklamodawcy, kt\u00f3rzy publikuj\u0105 tu swoje reklamy byli wiarygodni, ale nie mo\u017cemy odpowiada\u0107 za ich czyny. Dane adresowe jak i szczeg\u00f3\u0142y oferty ka\u017cdego reklamodawcy mo\u017cna uzna\u0107 za pewne tylko w momencie publikacji.<\/p>\n<p>2. Wydawca nie ponosi odpowiedzialno\u015bci za szkody powsta\u0142e podczas korzystania z serwisu, ani nast\u0119pstwa z tego wynik\u0142e. Serwis mo\u017ce zawiera\u0107 odno\u015bniki do innych stron internetowych. Wydawca nie ponosi odpowiedzialno\u015bci za funkcjonowanie tych stron oraz tre\u015bci tam zawarte.<\/p>\n<p><b>Prawa autorskie<\/b><\/p>\n<p>1. Zabronione jest kopiowanie i rozpowszechnianie serwisu w ca\u0142o\u015bci lub cz\u0119\u015bci bez uzyskania uprzedniej zgody. Nie dotyczy to tymczasowego zwielokrotniania zawarto\u015bci serwisu w pami\u0119ci operacyjnej komputera. Prawa autorskie do serwisu lub jego poszczeg\u00f3lnych element\u00f3w oraz prawa do znak\u00f3w towarowych zastrze\u017cone s\u0105 na rzecz Wydawcy serwisu lub innych podmiot\u00f3w. Elementy, kt\u00f3rych Wydawca nie jest autorem zosta\u0142y opublikowane na podstawie udzielonej licencji. Wydawca o\u015bwiadcza, i\u017c materia\u0142y graficzne oraz animacje promuj\u0105ce poszczeg\u00f3lne materia\u0142y pochodz\u0105 od producent\u00f3w lub podmiot\u00f3w z nimi wsp\u00f3\u0142pracuj\u0105cych. Naruszenie praw w\u0142asno\u015bci intelektualnej skutkuje odpowiedzialno\u015bci\u0105 cywiln\u0105 lub karn\u0105.<\/p>\n<\/div><div class=\"fusion-clearfix\"><\/div><\/div><\/div><\/div><\/div><style type=\"text\/css\">.fusion-fullwidth.fusion-builder-row-1 a:not(.fusion-button):not(.fusion-builder-module-control):not(.fusion-social-network-icon):not(.fb-icon-element):not(.fusion-countdown-link):not(.fusion-rollover-link):not(.fusion-rollover-gallery):not(.fusion-button-bar):not(.add_to_cart_button):not(.show_details_button):not(.product_type_external):not(.fusion-quick-view):not(.fusion-rollover-title-link):not(.fusion-breadcrumb-link) , .fusion-fullwidth.fusion-builder-row-1 a:not(.fusion-button):not(.fusion-builder-module-control):not(.fusion-social-network-icon):not(.fb-icon-element):not(.fusion-countdown-link):not(.fusion-rollover-link):not(.fusion-rollover-gallery):not(.fusion-button-bar):not(.add_to_cart_button):not(.show_details_button):not(.product_type_external):not(.fusion-quick-view):not(.fusion-rollover-title-link):not(.fusion-breadcrumb-link):before, .fusion-fullwidth.fusion-builder-row-1 a:not(.fusion-button):not(.fusion-builder-module-control):not(.fusion-social-network-icon):not(.fb-icon-element):not(.fusion-countdown-link):not(.fusion-rollover-link):not(.fusion-rollover-gallery):not(.fusion-button-bar):not(.add_to_cart_button):not(.show_details_button):not(.product_type_external):not(.fusion-quick-view):not(.fusion-rollover-title-link):not(.fusion-breadcrumb-link):after {color: #000000;}.fusion-fullwidth.fusion-builder-row-1 a:not(.fusion-button):not(.fusion-builder-module-control):not(.fusion-social-network-icon):not(.fb-icon-element):not(.fusion-countdown-link):not(.fusion-rollover-link):not(.fusion-rollover-gallery):not(.fusion-button-bar):not(.add_to_cart_button):not(.show_details_button):not(.product_type_external):not(.fusion-quick-view):not(.fusion-rollover-title-link):not(.fusion-breadcrumb-link):hover, .fusion-fullwidth.fusion-builder-row-1 a:not(.fusion-button):not(.fusion-builder-module-control):not(.fusion-social-network-icon):not(.fb-icon-element):not(.fusion-countdown-link):not(.fusion-rollover-link):not(.fusion-rollover-gallery):not(.fusion-button-bar):not(.add_to_cart_button):not(.show_details_button):not(.product_type_external):not(.fusion-quick-view):not(.fusion-rollover-title-link):not(.fusion-breadcrumb-link):hover:before, .fusion-fullwidth.fusion-builder-row-1 a:not(.fusion-button):not(.fusion-builder-module-control):not(.fusion-social-network-icon):not(.fb-icon-element):not(.fusion-countdown-link):not(.fusion-rollover-link):not(.fusion-rollover-gallery):not(.fusion-button-bar):not(.add_to_cart_button):not(.show_details_button):not(.product_type_external):not(.fusion-quick-view):not(.fusion-rollover-title-link):not(.fusion-breadcrumb-link):hover:after {color: #ed1c24;}.fusion-fullwidth.fusion-builder-row-1 .pagination a.inactive:hover, .fusion-fullwidth.fusion-builder-row-1 .fusion-filters .fusion-filter.fusion-active a {border-color: #ed1c24;}.fusion-fullwidth.fusion-builder-row-1 .pagination .current {border-color: #ed1c24; background-color: #ed1c24;}.fusion-fullwidth.fusion-builder-row-1 .fusion-filters .fusion-filter.fusion-active a, .fusion-fullwidth.fusion-builder-row-1 .fusion-date-and-formats .fusion-format-box, .fusion-fullwidth.fusion-builder-row-1 .fusion-popover, .fusion-fullwidth.fusion-builder-row-1 .tooltip-shortcode {color: #ed1c24;}#main .fusion-fullwidth.fusion-builder-row-1 .post .blog-shortcode-post-title a:hover {color: #ed1c24;}<\/style>\n","protected":false},"excerpt":{"rendered":"","protected":false},"author":2,"featured_media":0,"parent":0,"menu_order":0,"comment_status":"closed","ping_status":"closed","template":"","meta":{"inline_featured_image":false,"footnotes":""},"class_list":["post-1235","page","type-page","status-publish","hentry"],"yoast_head":"<!-- This site is optimized with the Yoast SEO plugin v27.3 - https:\/\/yoast.com\/product\/yoast-seo-wordpress\/ -->\n<title>Privacy policy and cookies - dorispolska.pl<\/title>\n<meta name=\"robots\" content=\"noindex, nofollow\" \/>\n<meta property=\"og:locale\" content=\"en_US\" \/>\n<meta property=\"og:type\" content=\"article\" \/>\n<meta property=\"og:title\" content=\"Privacy policy and cookies - dorispolska.pl\" \/>\n<meta property=\"og:url\" content=\"https:\/\/dorispolska.pl\/en\/privacy-policy-and-cookies\/\" \/>\n<meta property=\"og:site_name\" content=\"DorisPolska.pl\" \/>\n<meta property=\"article:modified_time\" content=\"2022-08-17T10:48:32+00:00\" \/>\n<meta name=\"twitter:card\" content=\"summary_large_image\" \/>\n<meta name=\"twitter:label1\" content=\"Est. reading time\" \/>\n\t<meta name=\"twitter:data1\" content=\"8 minutes\" \/>\n<script type=\"application\/ld+json\" class=\"yoast-schema-graph\">{\"@context\":\"https:\\\/\\\/schema.org\",\"@graph\":[{\"@type\":\"WebPage\",\"@id\":\"https:\\\/\\\/dorispolska.pl\\\/en\\\/privacy-policy-and-cookies\\\/\",\"url\":\"https:\\\/\\\/dorispolska.pl\\\/en\\\/privacy-policy-and-cookies\\\/\",\"name\":\"Privacy policy and cookies - dorispolska.pl\",\"isPartOf\":{\"@id\":\"https:\\\/\\\/dorispolska.pl\\\/en\\\/#website\"},\"datePublished\":\"2020-10-01T09:28:38+00:00\",\"dateModified\":\"2022-08-17T10:48:32+00:00\",\"breadcrumb\":{\"@id\":\"https:\\\/\\\/dorispolska.pl\\\/en\\\/privacy-policy-and-cookies\\\/#breadcrumb\"},\"inLanguage\":\"en-US\",\"potentialAction\":[{\"@type\":\"ReadAction\",\"target\":[\"https:\\\/\\\/dorispolska.pl\\\/en\\\/privacy-policy-and-cookies\\\/\"]}]},{\"@type\":\"BreadcrumbList\",\"@id\":\"https:\\\/\\\/dorispolska.pl\\\/en\\\/privacy-policy-and-cookies\\\/#breadcrumb\",\"itemListElement\":[{\"@type\":\"ListItem\",\"position\":1,\"name\":\"Strona g\u0142\u00f3wna\",\"item\":\"https:\\\/\\\/dorispolska.pl\\\/en\\\/\"},{\"@type\":\"ListItem\",\"position\":2,\"name\":\"Privacy policy and cookies\"}]},{\"@type\":\"WebSite\",\"@id\":\"https:\\\/\\\/dorispolska.pl\\\/en\\\/#website\",\"url\":\"https:\\\/\\\/dorispolska.pl\\\/en\\\/\",\"name\":\"DorisPolska.pl\",\"description\":\"Producent DORIS\",\"potentialAction\":[{\"@type\":\"SearchAction\",\"target\":{\"@type\":\"EntryPoint\",\"urlTemplate\":\"https:\\\/\\\/dorispolska.pl\\\/en\\\/?s={search_term_string}\"},\"query-input\":{\"@type\":\"PropertyValueSpecification\",\"valueRequired\":true,\"valueName\":\"search_term_string\"}}],\"inLanguage\":\"en-US\"}]}<\/script>\n<!-- \/ Yoast SEO plugin. -->","yoast_head_json":{"title":"Privacy policy and cookies - dorispolska.pl","robots":{"index":"noindex","follow":"nofollow"},"og_locale":"en_US","og_type":"article","og_title":"Privacy policy and cookies - dorispolska.pl","og_url":"https:\/\/dorispolska.pl\/en\/privacy-policy-and-cookies\/","og_site_name":"DorisPolska.pl","article_modified_time":"2022-08-17T10:48:32+00:00","twitter_card":"summary_large_image","twitter_misc":{"Est. reading time":"8 minutes"},"schema":{"@context":"https:\/\/schema.org","@graph":[{"@type":"WebPage","@id":"https:\/\/dorispolska.pl\/en\/privacy-policy-and-cookies\/","url":"https:\/\/dorispolska.pl\/en\/privacy-policy-and-cookies\/","name":"Privacy policy and cookies - dorispolska.pl","isPartOf":{"@id":"https:\/\/dorispolska.pl\/en\/#website"},"datePublished":"2020-10-01T09:28:38+00:00","dateModified":"2022-08-17T10:48:32+00:00","breadcrumb":{"@id":"https:\/\/dorispolska.pl\/en\/privacy-policy-and-cookies\/#breadcrumb"},"inLanguage":"en-US","potentialAction":[{"@type":"ReadAction","target":["https:\/\/dorispolska.pl\/en\/privacy-policy-and-cookies\/"]}]},{"@type":"BreadcrumbList","@id":"https:\/\/dorispolska.pl\/en\/privacy-policy-and-cookies\/#breadcrumb","itemListElement":[{"@type":"ListItem","position":1,"name":"Strona g\u0142\u00f3wna","item":"https:\/\/dorispolska.pl\/en\/"},{"@type":"ListItem","position":2,"name":"Privacy policy and cookies"}]},{"@type":"WebSite","@id":"https:\/\/dorispolska.pl\/en\/#website","url":"https:\/\/dorispolska.pl\/en\/","name":"DorisPolska.pl","description":"Producent DORIS","potentialAction":[{"@type":"SearchAction","target":{"@type":"EntryPoint","urlTemplate":"https:\/\/dorispolska.pl\/en\/?s={search_term_string}"},"query-input":{"@type":"PropertyValueSpecification","valueRequired":true,"valueName":"search_term_string"}}],"inLanguage":"en-US"}]}},"_links":{"self":[{"href":"https:\/\/dorispolska.pl\/en\/wp-json\/wp\/v2\/pages\/1235","targetHints":{"allow":["GET"]}}],"collection":[{"href":"https:\/\/dorispolska.pl\/en\/wp-json\/wp\/v2\/pages"}],"about":[{"href":"https:\/\/dorispolska.pl\/en\/wp-json\/wp\/v2\/types\/page"}],"author":[{"embeddable":true,"href":"https:\/\/dorispolska.pl\/en\/wp-json\/wp\/v2\/users\/2"}],"replies":[{"embeddable":true,"href":"https:\/\/dorispolska.pl\/en\/wp-json\/wp\/v2\/comments?post=1235"}],"version-history":[{"count":0,"href":"https:\/\/dorispolska.pl\/en\/wp-json\/wp\/v2\/pages\/1235\/revisions"}],"wp:attachment":[{"href":"https:\/\/dorispolska.pl\/en\/wp-json\/wp\/v2\/media?parent=1235"}],"curies":[{"name":"wp","href":"https:\/\/api.w.org\/{rel}","templated":true}]}}