{"id":1966,"date":"2020-11-18T15:21:13","date_gmt":"2020-11-18T14:21:13","guid":{"rendered":"https:\/\/dorispolska.pl\/?page_id=1966"},"modified":"2021-04-20T15:15:23","modified_gmt":"2021-04-20T13:15:23","slug":"legal-notice","status":"publish","type":"page","link":"https:\/\/dorispolska.pl\/en\/legal-notice\/","title":{"rendered":"Legal notice"},"content":{"rendered":"<div class=\"fusion-fullwidth fullwidth-box fusion-builder-row-1 nonhundred-percent-fullwidth non-hundred-percent-height-scrolling\"  style='background-color: rgba(255,255,255,0);background-position: center center;background-repeat: no-repeat;padding-top:0px;padding-right:0px;padding-bottom:0px;padding-left:0px;'><div class=\"fusion-builder-row fusion-row \"><div  class=\"fusion-layout-column fusion_builder_column fusion_builder_column_1_1 fusion-builder-column-0 fusion-one-full fusion-column-first fusion-column-last 1_1\"  style='margin-top:0px;margin-bottom:20px;'><div class=\"fusion-column-wrapper\" style=\"padding: 0px 0px 0px 0px;background-position:left top;background-repeat:no-repeat;-webkit-background-size:cover;-moz-background-size:cover;-o-background-size:cover;background-size:cover;\"   data-bg-url=\"\"><style type=\"text\/css\"><\/style><div class=\"fusion-title title fusion-title-1 fusion-sep-none fusion-title-center fusion-title-text fusion-title-size-two text-upper\" style=\"font-size:45px;margin-top:0px;margin-bottom:30px;\"><h2 class=\"title-heading-center\" style=\"margin:0;font-size:1em;\">Legal notice<\/h2><\/div><div class=\"fusion-text\"><p style=\"text-align: center;\"><b>Wszelkie prawa zastrze\u017cone \u2013 <\/b><b>www.dorispolska.pl<\/b><\/p>\n<p>Podmiotem wy\u0142\u0105cznie uprawnionym do domeny internetowej dorispolska.pl (oraz innych przekierowanych do domeny dorispolska.pl) jest Zbigniew Z\u0105becki Zak\u0142ad Produkcyjno-Handlowy \u201eDORIS\u201d przy ul. Napoleo\u0144ska 74B, 06-500 M\u0142awa, zarejestrowana pod NIP: 5691270749. Dost\u0119p do niniejszej strony i korzystanie z niej podlegaj\u0105 ni\u017cej podanym warunkom oraz odpowiednim przepisom prawa, w szczeg\u00f3lno\u015bci:<\/p>\n<ul>\n<li>ustawie z dnia 23 kwietnia 1964r. Kodeks cywilny (Dz. U. Nr 16 poz.93 z p\u00f3\u017an. zm.)<\/li>\n<li>ustawie z dnia 6 czerwca 1997r. Kodeks karny (Dz. U. Nr 88 poz.553 z p\u00f3\u017an. zm.)<\/li>\n<li>ustawie z dnia 16 kwietnia 1993 r. o zwalczaniu nieuczciwej konkurencji (tj. Dz. U. 2003r. Nr 503 poz.1503 z p\u00f3\u017an. zm.)<\/li>\n<li>ustawie z dnia 4 lutego 1994 r. o prawie autorskim i prawach pokrewnych (tj. Dz. U. 2006r. Nr 90 poz. 631 z p\u00f3\u017an. zm.)<\/li>\n<li>ustawie z dnia 29 sierpnia 1997r. o ochronie danych osobowych (tj. Dz. U. 2002r. Nr 101 poz. 926 z p\u00f3\u017an. zm.)<\/li>\n<\/ul>\n<p><b>Zakaz powielania znak\u00f3w towarowych oraz nazw<\/b><\/p>\n<p>1. Wszelkie nazwy handlowe, nazwy przedsi\u0119biorc\u00f3w, logotypy i znaki towarowe wy\u015bwietlane w witrynie podlegaj\u0105 ochronie prawnej na mocy ustawy. U\u017cycie lub niew\u0142a\u015bciwe u\u017cycie tych element\u00f3w lub jakichkolwiek innych tre\u015bci oraz zasob\u00f3w niniejszej strony www jest zakazane.<b><\/b><\/p>\n<p><b>Bezwzgl\u0119dny zakaz kopiowania materia\u0142\u00f3w (tre\u015bci, zdj\u0119\u0107, innych zasob\u00f3w)<\/b><\/p>\n<p>1. Zamieszczone materia\u0142y s\u0105 chronione prawami autorskimi. Maj\u0105tkowe prawa autorskie do umieszczonych materia\u0142\u00f3w przys\u0142uguj\u0105 wy\u0142\u0105cznie Zbigniew Z\u0105becki Zak\u0142ad Produkcyjno-Handlowy \u201eDORIS\u201d zarejestrowanej pod NIP: 5691270749.<\/p>\n<p>2. Stron\u0119 mo\u017cna przegl\u0105da\u0107 wy\u0142\u0105cznie na w\u0142asny u\u017cytek w celu pozyskania informacji: o ofercie, o produktach, o firmie, kontaktowych.<\/p>\n<p>3. O ile nie stwierdzono inaczej, zamieszczone materia\u0142y w ca\u0142o\u015bci oraz w cz\u0119\u015bciach nie mog\u0105 by\u0107: modyfikowane, kopiowane, dystrybuowane, publikowane, wy\u015bwietlane, utrwalane ani te\u017c wykorzystywane w \u017cadnej innej formie i przy zastosowaniu jakichkolwiek no\u015bnik\u00f3w: elektronicznych, fotograficznych, rejestruj\u0105cych, mechanicznych, tradycyjnych, bez uprzedniej wiedzy oraz pisemnej zgody Zbigniew Z\u0105becki Zak\u0142ad Produkcyjno-Handlowy \u201eDORIS\u201d zarejestrowanej pod NIP: 5691270749.<\/p>\n<p>4. Zakazane jest rozpowszechnianie opracowa\u0144 w zakresie materia\u0142\u00f3w zamieszczonych na stronie, powielanie szaty graficznej lub jej element\u00f3w, niezale\u017cnie od celu lub przyczyn takiego rozpowszechniania. Zabronione jest umieszczanie jakichkolwiek materia\u0142\u00f3w lub nawet ich cz\u0119\u015bci na innym serwerze, bez uprzedniej pisemnej zgody Zbigniew Z\u0105becki Zak\u0142ad Produkcyjno-Handlowy \u201eDORIS\u201d zarejestrowanej pod NIP: 5691270749.<\/p>\n<p>5. Zabronione jest umieszczanie odes\u0142a\u0144 do serwisu w taki spos\u00f3b, aby utrudniona lub niemo\u017cliwa by\u0142a identyfikacja pochodzenia materia\u0142\u00f3w.<\/p>\n<p>6. Wszystkie oznaczenia s\u0142owne, graficzne, s\u0142owno-graficzne, nazwy i inne oznaczenia maj\u0105ce charakter unikalny i odr\u00f3\u017cniaj\u0105cy umieszczone w serwisie, o ile nie stwierdzono inaczej, s\u0105 znakami towarowymi lub innymi oznaczeniami podlegaj\u0105cymi ochronie prawnej. Korzystanie z niniejszych znak\u00f3w i oznacze\u0144, o kt\u00f3rych mowa wy\u017cej, jest stanowczo zabronione, chyba \u017ce co innego wynika z postanowie\u0144 zamieszczonych na niniejszej stronie. Wszelkie naruszenia praw autorskich podlegaj\u0105 sankcjom przewidzianym w Kodeksie Karnym i Ustawie o Prawie Autorskim i Prawach Pokrewnych.<\/p>\n<\/div><div class=\"fusion-clearfix\"><\/div><\/div><\/div><\/div><\/div><style type=\"text\/css\">.fusion-fullwidth.fusion-builder-row-1 a:not(.fusion-button):not(.fusion-builder-module-control):not(.fusion-social-network-icon):not(.fb-icon-element):not(.fusion-countdown-link):not(.fusion-rollover-link):not(.fusion-rollover-gallery):not(.fusion-button-bar):not(.add_to_cart_button):not(.show_details_button):not(.product_type_external):not(.fusion-quick-view):not(.fusion-rollover-title-link):not(.fusion-breadcrumb-link) , .fusion-fullwidth.fusion-builder-row-1 a:not(.fusion-button):not(.fusion-builder-module-control):not(.fusion-social-network-icon):not(.fb-icon-element):not(.fusion-countdown-link):not(.fusion-rollover-link):not(.fusion-rollover-gallery):not(.fusion-button-bar):not(.add_to_cart_button):not(.show_details_button):not(.product_type_external):not(.fusion-quick-view):not(.fusion-rollover-title-link):not(.fusion-breadcrumb-link):before, .fusion-fullwidth.fusion-builder-row-1 a:not(.fusion-button):not(.fusion-builder-module-control):not(.fusion-social-network-icon):not(.fb-icon-element):not(.fusion-countdown-link):not(.fusion-rollover-link):not(.fusion-rollover-gallery):not(.fusion-button-bar):not(.add_to_cart_button):not(.show_details_button):not(.product_type_external):not(.fusion-quick-view):not(.fusion-rollover-title-link):not(.fusion-breadcrumb-link):after {color: #000000;}.fusion-fullwidth.fusion-builder-row-1 a:not(.fusion-button):not(.fusion-builder-module-control):not(.fusion-social-network-icon):not(.fb-icon-element):not(.fusion-countdown-link):not(.fusion-rollover-link):not(.fusion-rollover-gallery):not(.fusion-button-bar):not(.add_to_cart_button):not(.show_details_button):not(.product_type_external):not(.fusion-quick-view):not(.fusion-rollover-title-link):not(.fusion-breadcrumb-link):hover, .fusion-fullwidth.fusion-builder-row-1 a:not(.fusion-button):not(.fusion-builder-module-control):not(.fusion-social-network-icon):not(.fb-icon-element):not(.fusion-countdown-link):not(.fusion-rollover-link):not(.fusion-rollover-gallery):not(.fusion-button-bar):not(.add_to_cart_button):not(.show_details_button):not(.product_type_external):not(.fusion-quick-view):not(.fusion-rollover-title-link):not(.fusion-breadcrumb-link):hover:before, .fusion-fullwidth.fusion-builder-row-1 a:not(.fusion-button):not(.fusion-builder-module-control):not(.fusion-social-network-icon):not(.fb-icon-element):not(.fusion-countdown-link):not(.fusion-rollover-link):not(.fusion-rollover-gallery):not(.fusion-button-bar):not(.add_to_cart_button):not(.show_details_button):not(.product_type_external):not(.fusion-quick-view):not(.fusion-rollover-title-link):not(.fusion-breadcrumb-link):hover:after {color: #ed1c24;}.fusion-fullwidth.fusion-builder-row-1 .pagination a.inactive:hover, .fusion-fullwidth.fusion-builder-row-1 .fusion-filters .fusion-filter.fusion-active a {border-color: #ed1c24;}.fusion-fullwidth.fusion-builder-row-1 .pagination .current {border-color: #ed1c24; background-color: #ed1c24;}.fusion-fullwidth.fusion-builder-row-1 .fusion-filters .fusion-filter.fusion-active a, .fusion-fullwidth.fusion-builder-row-1 .fusion-date-and-formats .fusion-format-box, .fusion-fullwidth.fusion-builder-row-1 .fusion-popover, .fusion-fullwidth.fusion-builder-row-1 .tooltip-shortcode {color: #ed1c24;}#main .fusion-fullwidth.fusion-builder-row-1 .post .blog-shortcode-post-title a:hover {color: #ed1c24;}<\/style>\n","protected":false},"excerpt":{"rendered":"","protected":false},"author":3,"featured_media":0,"parent":0,"menu_order":0,"comment_status":"closed","ping_status":"closed","template":"","meta":{"inline_featured_image":false,"footnotes":""},"class_list":["post-1966","page","type-page","status-publish","hentry"],"yoast_head":"<!-- This site is optimized with the Yoast SEO plugin v27.3 - https:\/\/yoast.com\/product\/yoast-seo-wordpress\/ -->\n<title>Legal notice - dorispolska.pl<\/title>\n<meta name=\"robots\" content=\"noindex, nofollow\" \/>\n<meta property=\"og:locale\" content=\"en_US\" \/>\n<meta property=\"og:type\" content=\"article\" \/>\n<meta property=\"og:title\" content=\"Legal notice - dorispolska.pl\" \/>\n<meta property=\"og:url\" content=\"https:\/\/dorispolska.pl\/en\/legal-notice\/\" \/>\n<meta property=\"og:site_name\" content=\"DorisPolska.pl\" \/>\n<meta property=\"article:modified_time\" content=\"2021-04-20T13:15:23+00:00\" \/>\n<meta name=\"twitter:card\" content=\"summary_large_image\" \/>\n<meta name=\"twitter:label1\" content=\"Est. reading time\" \/>\n\t<meta name=\"twitter:data1\" content=\"5 minutes\" \/>\n<script type=\"application\/ld+json\" class=\"yoast-schema-graph\">{\"@context\":\"https:\\\/\\\/schema.org\",\"@graph\":[{\"@type\":\"WebPage\",\"@id\":\"https:\\\/\\\/dorispolska.pl\\\/en\\\/legal-notice\\\/\",\"url\":\"https:\\\/\\\/dorispolska.pl\\\/en\\\/legal-notice\\\/\",\"name\":\"Legal notice - dorispolska.pl\",\"isPartOf\":{\"@id\":\"https:\\\/\\\/dorispolska.pl\\\/en\\\/#website\"},\"datePublished\":\"2020-11-18T14:21:13+00:00\",\"dateModified\":\"2021-04-20T13:15:23+00:00\",\"breadcrumb\":{\"@id\":\"https:\\\/\\\/dorispolska.pl\\\/en\\\/legal-notice\\\/#breadcrumb\"},\"inLanguage\":\"en-US\",\"potentialAction\":[{\"@type\":\"ReadAction\",\"target\":[\"https:\\\/\\\/dorispolska.pl\\\/en\\\/legal-notice\\\/\"]}]},{\"@type\":\"BreadcrumbList\",\"@id\":\"https:\\\/\\\/dorispolska.pl\\\/en\\\/legal-notice\\\/#breadcrumb\",\"itemListElement\":[{\"@type\":\"ListItem\",\"position\":1,\"name\":\"Strona g\u0142\u00f3wna\",\"item\":\"https:\\\/\\\/dorispolska.pl\\\/en\\\/\"},{\"@type\":\"ListItem\",\"position\":2,\"name\":\"Legal notice\"}]},{\"@type\":\"WebSite\",\"@id\":\"https:\\\/\\\/dorispolska.pl\\\/en\\\/#website\",\"url\":\"https:\\\/\\\/dorispolska.pl\\\/en\\\/\",\"name\":\"DorisPolska.pl\",\"description\":\"Producent DORIS\",\"potentialAction\":[{\"@type\":\"SearchAction\",\"target\":{\"@type\":\"EntryPoint\",\"urlTemplate\":\"https:\\\/\\\/dorispolska.pl\\\/en\\\/?s={search_term_string}\"},\"query-input\":{\"@type\":\"PropertyValueSpecification\",\"valueRequired\":true,\"valueName\":\"search_term_string\"}}],\"inLanguage\":\"en-US\"}]}<\/script>\n<!-- \/ Yoast SEO plugin. -->","yoast_head_json":{"title":"Legal notice - dorispolska.pl","robots":{"index":"noindex","follow":"nofollow"},"og_locale":"en_US","og_type":"article","og_title":"Legal notice - dorispolska.pl","og_url":"https:\/\/dorispolska.pl\/en\/legal-notice\/","og_site_name":"DorisPolska.pl","article_modified_time":"2021-04-20T13:15:23+00:00","twitter_card":"summary_large_image","twitter_misc":{"Est. reading time":"5 minutes"},"schema":{"@context":"https:\/\/schema.org","@graph":[{"@type":"WebPage","@id":"https:\/\/dorispolska.pl\/en\/legal-notice\/","url":"https:\/\/dorispolska.pl\/en\/legal-notice\/","name":"Legal notice - dorispolska.pl","isPartOf":{"@id":"https:\/\/dorispolska.pl\/en\/#website"},"datePublished":"2020-11-18T14:21:13+00:00","dateModified":"2021-04-20T13:15:23+00:00","breadcrumb":{"@id":"https:\/\/dorispolska.pl\/en\/legal-notice\/#breadcrumb"},"inLanguage":"en-US","potentialAction":[{"@type":"ReadAction","target":["https:\/\/dorispolska.pl\/en\/legal-notice\/"]}]},{"@type":"BreadcrumbList","@id":"https:\/\/dorispolska.pl\/en\/legal-notice\/#breadcrumb","itemListElement":[{"@type":"ListItem","position":1,"name":"Strona g\u0142\u00f3wna","item":"https:\/\/dorispolska.pl\/en\/"},{"@type":"ListItem","position":2,"name":"Legal notice"}]},{"@type":"WebSite","@id":"https:\/\/dorispolska.pl\/en\/#website","url":"https:\/\/dorispolska.pl\/en\/","name":"DorisPolska.pl","description":"Producent DORIS","potentialAction":[{"@type":"SearchAction","target":{"@type":"EntryPoint","urlTemplate":"https:\/\/dorispolska.pl\/en\/?s={search_term_string}"},"query-input":{"@type":"PropertyValueSpecification","valueRequired":true,"valueName":"search_term_string"}}],"inLanguage":"en-US"}]}},"_links":{"self":[{"href":"https:\/\/dorispolska.pl\/en\/wp-json\/wp\/v2\/pages\/1966","targetHints":{"allow":["GET"]}}],"collection":[{"href":"https:\/\/dorispolska.pl\/en\/wp-json\/wp\/v2\/pages"}],"about":[{"href":"https:\/\/dorispolska.pl\/en\/wp-json\/wp\/v2\/types\/page"}],"author":[{"embeddable":true,"href":"https:\/\/dorispolska.pl\/en\/wp-json\/wp\/v2\/users\/3"}],"replies":[{"embeddable":true,"href":"https:\/\/dorispolska.pl\/en\/wp-json\/wp\/v2\/comments?post=1966"}],"version-history":[{"count":0,"href":"https:\/\/dorispolska.pl\/en\/wp-json\/wp\/v2\/pages\/1966\/revisions"}],"wp:attachment":[{"href":"https:\/\/dorispolska.pl\/en\/wp-json\/wp\/v2\/media?parent=1966"}],"curies":[{"name":"wp","href":"https:\/\/api.w.org\/{rel}","templated":true}]}}